{"id":22,"date":"2016-02-12T08:11:05","date_gmt":"2016-02-12T08:11:05","guid":{"rendered":"http:\/\/demos.famethemes.com\/onepress\/?page_id=22"},"modified":"2026-02-03T21:41:22","modified_gmt":"2026-02-03T21:41:22","slug":"meine-vision-gemeinsam-fuer-ein-gesundes-leben-mit-diabetes","status":"publish","type":"page","link":"https:\/\/nana-novosad.de\/?page_id=22","title":{"rendered":"Meine Vision: Gemeinsam f\u00fcr ein gesundes Leben mit Diabetes"},"content":{"rendered":"\n<p class=\"has-black-color has-text-color has-link-color has-medium-font-size wp-elements-517adf801b302cf82513f0137fb4548a\"><strong>Meine Vision f\u00fcr Diabetes, Fitness und Ern\u00e4hrung<\/strong><\/p>\n\n\n\n<p>Ich tr\u00e4ume davon, mit Menschen zusammenzuarbeiten, die ebenso viel Leidenschaft f\u00fcr ihre Gesundheit und ihren K\u00f6rper entwickeln wie ich. <\/p>\n\n\n\n<p><strong>Mein Ziel ist es<\/strong>, gemeinsam mit meinen Kunden an neuen Herausforderungen zu wachsen und den Spa\u00df am Fortschritt zu erleben.<\/p>\n\n\n\n<p>Nat\u00fcrlich bringt nicht jeder Schritt auf dem Weg zur Gesundheit immer Freude \u2013 das ist ganz normal. Doch mit der Zeit wird dieser Prozess zur Routine, und die positiven Ver\u00e4nderungen machen sich bemerkbar. Egal ob Diabetiker oder Nicht-Diabetiker \u2013 wir alle streben nach einem besseren Lebensgef\u00fchl, und das haben wir uns verdient.<\/p>\n\n\n\n<p><strong>Gemeinsam k\u00f6nnen wir Strategien entwickeln<\/strong>, die auf deine individuellen Bed\u00fcrfnisse abgestimmt sind. Lass uns zusammenarbeiten, um deine Fitnessziele zu erreichen und eine ausgewogene Ern\u00e4hrung zu f\u00f6rdern. <\/p>\n\n\n\n<p><strong><a href=\"https:\/\/nana-novosad.de\/#angebot\">Entdecke die Freude an der Ver\u00e4nderung und erlebe, wie sich dein Leben zum Positiven wandelt!<\/a><\/strong><\/p>\n\n\n\n<p><\/p>\n","protected":false},"excerpt":{"rendered":"<p>Hier teile ich meine Vision, die ich mit dir und allen, die an einem gesunden Lebensstil interessiert sind, erreichen m\u00f6chte. Mein Ziel ist es, Menschen mit Diabetes zu inspirieren und zu unterst\u00fctzen, ein aktives und erf\u00fclltes Leben zu f\u00fchren.<\/p>\n","protected":false},"author":1,"featured_media":1706,"parent":0,"menu_order":0,"comment_status":"closed","ping_status":"closed","template":"template-fullwidth.php","meta":{"footnotes":""},"class_list":["post-22","page","type-page","status-publish","has-post-thumbnail","hentry"],"yoast_head":"<!-- This site is optimized with the Yoast SEO plugin v26.9 - https:\/\/yoast.com\/product\/yoast-seo-wordpress\/ -->\n<title>Meine Vision: Gemeinsam f\u00fcr ein gesundes Leben mit Diabetes - Nana Novosad - Fit mit Diabetes<\/title>\n<meta name=\"description\" content=\"Diabetes, Diabetes Type1, Diabetes Typ 2, Fitness, Diabetes unn Fitness, Fitnesscoach, Ern\u00e4hrungsberatung, Sport, gemeinsam stark, Bluzucker, Insulin, Ern\u00e4hrung, Diabetes Management, Insulinsensitvit\u00e4t\" \/>\n<meta name=\"robots\" content=\"index, follow, max-snippet:-1, max-image-preview:large, max-video-preview:-1\" \/>\n<link rel=\"canonical\" href=\"https:\/\/nana-novosad.de\/?page_id=22\" \/>\n<meta property=\"og:locale\" content=\"de_DE\" \/>\n<meta property=\"og:type\" content=\"article\" \/>\n<meta property=\"og:title\" content=\"Meine Vision: Gemeinsam f\u00fcr ein gesundes Leben mit Diabetes - Nana Novosad - Fit mit Diabetes\" \/>\n<meta property=\"og:description\" content=\"Diabetes, Diabetes Type1, Diabetes Typ 2, Fitness, Diabetes unn Fitness, Fitnesscoach, Ern\u00e4hrungsberatung, Sport, gemeinsam stark, Bluzucker, Insulin, Ern\u00e4hrung, Diabetes Management, Insulinsensitvit\u00e4t\" \/>\n<meta property=\"og:url\" content=\"https:\/\/nana-novosad.de\/?page_id=22\" \/>\n<meta property=\"og:site_name\" content=\"Nana Novosad - Fit mit Diabetes\" \/>\n<meta property=\"article:modified_time\" content=\"2026-02-03T21:41:22+00:00\" \/>\n<meta property=\"og:image\" content=\"https:\/\/nana-novosad.de\/wp-content\/uploads\/2026\/02\/Gym-Squats1.jpg\" \/>\n\t<meta property=\"og:image:width\" content=\"1256\" \/>\n\t<meta property=\"og:image:height\" content=\"860\" \/>\n\t<meta property=\"og:image:type\" content=\"image\/jpeg\" \/>\n<meta name=\"twitter:card\" content=\"summary_large_image\" \/>\n<meta name=\"twitter:label1\" content=\"Gesch\u00e4tzte Lesezeit\" \/>\n\t<meta name=\"twitter:data1\" content=\"1\u00a0Minute\" \/>\n<script type=\"application\/ld+json\" class=\"yoast-schema-graph\">{\"@context\":\"https:\/\/schema.org\",\"@graph\":[{\"@type\":\"WebPage\",\"@id\":\"https:\/\/nana-novosad.de\/?page_id=22\",\"url\":\"https:\/\/nana-novosad.de\/?page_id=22\",\"name\":\"Meine Vision: Gemeinsam f\u00fcr ein gesundes Leben mit Diabetes - Nana Novosad - Fit mit Diabetes\",\"isPartOf\":{\"@id\":\"https:\/\/nana-novosad.de\/#website\"},\"primaryImageOfPage\":{\"@id\":\"https:\/\/nana-novosad.de\/?page_id=22#primaryimage\"},\"image\":{\"@id\":\"https:\/\/nana-novosad.de\/?page_id=22#primaryimage\"},\"thumbnailUrl\":\"https:\/\/nana-novosad.de\/wp-content\/uploads\/2026\/02\/Gym-Squats1.jpg\",\"datePublished\":\"2016-02-12T08:11:05+00:00\",\"dateModified\":\"2026-02-03T21:41:22+00:00\",\"description\":\"Diabetes, Diabetes Type1, Diabetes Typ 2, Fitness, Diabetes unn Fitness, Fitnesscoach, Ern\u00e4hrungsberatung, Sport, gemeinsam stark, Bluzucker, Insulin, Ern\u00e4hrung, Diabetes Management, Insulinsensitvit\u00e4t\",\"breadcrumb\":{\"@id\":\"https:\/\/nana-novosad.de\/?page_id=22#breadcrumb\"},\"inLanguage\":\"de\",\"potentialAction\":[{\"@type\":\"ReadAction\",\"target\":[\"https:\/\/nana-novosad.de\/?page_id=22\"]}]},{\"@type\":\"ImageObject\",\"inLanguage\":\"de\",\"@id\":\"https:\/\/nana-novosad.de\/?page_id=22#primaryimage\",\"url\":\"https:\/\/nana-novosad.de\/wp-content\/uploads\/2026\/02\/Gym-Squats1.jpg\",\"contentUrl\":\"https:\/\/nana-novosad.de\/wp-content\/uploads\/2026\/02\/Gym-Squats1.jpg\",\"width\":1256,\"height\":860},{\"@type\":\"BreadcrumbList\",\"@id\":\"https:\/\/nana-novosad.de\/?page_id=22#breadcrumb\",\"itemListElement\":[{\"@type\":\"ListItem\",\"position\":1,\"name\":\"Startseite\",\"item\":\"https:\/\/nana-novosad.de\/\"},{\"@type\":\"ListItem\",\"position\":2,\"name\":\"Meine Vision: Gemeinsam f\u00fcr ein gesundes Leben mit Diabetes\"}]},{\"@type\":\"WebSite\",\"@id\":\"https:\/\/nana-novosad.de\/#website\",\"url\":\"https:\/\/nana-novosad.de\/\",\"name\":\"Nana Novosad - Fit mit Diabetes\",\"description\":\"Individuelles Online-Coaching f\u00fcr Fitness, Ern\u00e4hrung &amp; Diabetes-Management\",\"potentialAction\":[{\"@type\":\"SearchAction\",\"target\":{\"@type\":\"EntryPoint\",\"urlTemplate\":\"https:\/\/nana-novosad.de\/?s={search_term_string}\"},\"query-input\":{\"@type\":\"PropertyValueSpecification\",\"valueRequired\":true,\"valueName\":\"search_term_string\"}}],\"inLanguage\":\"de\"}]}<\/script>\n<!-- \/ Yoast SEO plugin. -->","yoast_head_json":{"title":"Meine Vision: Gemeinsam f\u00fcr ein gesundes Leben mit Diabetes - Nana Novosad - Fit mit Diabetes","description":"Diabetes, Diabetes Type1, Diabetes Typ 2, Fitness, Diabetes unn Fitness, Fitnesscoach, Ern\u00e4hrungsberatung, Sport, gemeinsam stark, Bluzucker, Insulin, Ern\u00e4hrung, Diabetes Management, Insulinsensitvit\u00e4t","robots":{"index":"index","follow":"follow","max-snippet":"max-snippet:-1","max-image-preview":"max-image-preview:large","max-video-preview":"max-video-preview:-1"},"canonical":"https:\/\/nana-novosad.de\/?page_id=22","og_locale":"de_DE","og_type":"article","og_title":"Meine Vision: Gemeinsam f\u00fcr ein gesundes Leben mit Diabetes - Nana Novosad - Fit mit Diabetes","og_description":"Diabetes, Diabetes Type1, Diabetes Typ 2, Fitness, Diabetes unn Fitness, Fitnesscoach, Ern\u00e4hrungsberatung, Sport, gemeinsam stark, Bluzucker, Insulin, Ern\u00e4hrung, Diabetes Management, Insulinsensitvit\u00e4t","og_url":"https:\/\/nana-novosad.de\/?page_id=22","og_site_name":"Nana Novosad - Fit mit Diabetes","article_modified_time":"2026-02-03T21:41:22+00:00","og_image":[{"width":1256,"height":860,"url":"https:\/\/nana-novosad.de\/wp-content\/uploads\/2026\/02\/Gym-Squats1.jpg","type":"image\/jpeg"}],"twitter_card":"summary_large_image","twitter_misc":{"Gesch\u00e4tzte Lesezeit":"1\u00a0Minute"},"schema":{"@context":"https:\/\/schema.org","@graph":[{"@type":"WebPage","@id":"https:\/\/nana-novosad.de\/?page_id=22","url":"https:\/\/nana-novosad.de\/?page_id=22","name":"Meine Vision: Gemeinsam f\u00fcr ein gesundes Leben mit Diabetes - Nana Novosad - Fit mit Diabetes","isPartOf":{"@id":"https:\/\/nana-novosad.de\/#website"},"primaryImageOfPage":{"@id":"https:\/\/nana-novosad.de\/?page_id=22#primaryimage"},"image":{"@id":"https:\/\/nana-novosad.de\/?page_id=22#primaryimage"},"thumbnailUrl":"https:\/\/nana-novosad.de\/wp-content\/uploads\/2026\/02\/Gym-Squats1.jpg","datePublished":"2016-02-12T08:11:05+00:00","dateModified":"2026-02-03T21:41:22+00:00","description":"Diabetes, Diabetes Type1, Diabetes Typ 2, Fitness, Diabetes unn Fitness, Fitnesscoach, Ern\u00e4hrungsberatung, Sport, gemeinsam stark, Bluzucker, Insulin, Ern\u00e4hrung, Diabetes Management, Insulinsensitvit\u00e4t","breadcrumb":{"@id":"https:\/\/nana-novosad.de\/?page_id=22#breadcrumb"},"inLanguage":"de","potentialAction":[{"@type":"ReadAction","target":["https:\/\/nana-novosad.de\/?page_id=22"]}]},{"@type":"ImageObject","inLanguage":"de","@id":"https:\/\/nana-novosad.de\/?page_id=22#primaryimage","url":"https:\/\/nana-novosad.de\/wp-content\/uploads\/2026\/02\/Gym-Squats1.jpg","contentUrl":"https:\/\/nana-novosad.de\/wp-content\/uploads\/2026\/02\/Gym-Squats1.jpg","width":1256,"height":860},{"@type":"BreadcrumbList","@id":"https:\/\/nana-novosad.de\/?page_id=22#breadcrumb","itemListElement":[{"@type":"ListItem","position":1,"name":"Startseite","item":"https:\/\/nana-novosad.de\/"},{"@type":"ListItem","position":2,"name":"Meine Vision: Gemeinsam f\u00fcr ein gesundes Leben mit Diabetes"}]},{"@type":"WebSite","@id":"https:\/\/nana-novosad.de\/#website","url":"https:\/\/nana-novosad.de\/","name":"Nana Novosad - Fit mit Diabetes","description":"Individuelles Online-Coaching f\u00fcr Fitness, Ern\u00e4hrung &amp; Diabetes-Management","potentialAction":[{"@type":"SearchAction","target":{"@type":"EntryPoint","urlTemplate":"https:\/\/nana-novosad.de\/?s={search_term_string}"},"query-input":{"@type":"PropertyValueSpecification","valueRequired":true,"valueName":"search_term_string"}}],"inLanguage":"de"}]}},"_links":{"self":[{"href":"https:\/\/nana-novosad.de\/index.php?rest_route=\/wp\/v2\/pages\/22","targetHints":{"allow":["GET"]}}],"collection":[{"href":"https:\/\/nana-novosad.de\/index.php?rest_route=\/wp\/v2\/pages"}],"about":[{"href":"https:\/\/nana-novosad.de\/index.php?rest_route=\/wp\/v2\/types\/page"}],"author":[{"embeddable":true,"href":"https:\/\/nana-novosad.de\/index.php?rest_route=\/wp\/v2\/users\/1"}],"replies":[{"embeddable":true,"href":"https:\/\/nana-novosad.de\/index.php?rest_route=%2Fwp%2Fv2%2Fcomments&post=22"}],"version-history":[{"count":9,"href":"https:\/\/nana-novosad.de\/index.php?rest_route=\/wp\/v2\/pages\/22\/revisions"}],"predecessor-version":[{"id":1686,"href":"https:\/\/nana-novosad.de\/index.php?rest_route=\/wp\/v2\/pages\/22\/revisions\/1686"}],"wp:featuredmedia":[{"embeddable":true,"href":"https:\/\/nana-novosad.de\/index.php?rest_route=\/wp\/v2\/media\/1706"}],"wp:attachment":[{"href":"https:\/\/nana-novosad.de\/index.php?rest_route=%2Fwp%2Fv2%2Fmedia&parent=22"}],"curies":[{"name":"wp","href":"https:\/\/api.w.org\/{rel}","templated":true}]}}