{"id":1500,"date":"2024-11-22T12:26:10","date_gmt":"2024-11-22T12:26:10","guid":{"rendered":"http:\/\/nana-novosad.de\/?page_id=1500"},"modified":"2025-03-01T14:33:18","modified_gmt":"2025-03-01T14:33:18","slug":"individuelles-coaching-fuer-diabetes-fitness-ernaehrung","status":"publish","type":"page","link":"https:\/\/nana-novosad.de\/?page_id=1500","title":{"rendered":"Individuelles Coaching f\u00fcr Diabetes, Fitness &amp; Ern\u00e4hrung"},"content":{"rendered":"\n<p class=\"has-black-color has-text-color has-link-color has-medium-font-size wp-elements-8dcfe9aae9deef9879735756b0d6bda2\"><strong>Hier stehst du im Mittelpunkt \u2013 deine W\u00fcnsche, Ziele und dein ganz pers\u00f6nlicher Weg!<\/strong><\/p>\n\n\n\n<p><\/p>\n\n\n\n<p class=\"has-black-color has-text-color has-link-color wp-elements-1adff36026a111b018d2ae7ba1943ae1\"><strong>Diabetes ist individuell, und genau deshalb brauchst du eine ma\u00dfgeschneiderte Beratung<\/strong>. <\/p>\n\n\n\n<p>Gemeinsam entwickeln wir ein Konzept, das zu deinem Lebensstil, deinem Insulinmanagement und deinem Rhythmus passt. Jeder Mensch hat eigene Herausforderungen, Vorstellungen und Strategien im Umgang mit Sport, Ern\u00e4hrung und Blutzucker-Schwankungen.<\/p>\n\n\n\n<p>Ich habe selbst viele Erfahrungen gesammelt und wei\u00df, wie wertvoll die richtige Unterst\u00fctzung sein kann. Lass uns gemeinsam deinen optimalen Weg finden \u2013 f\u00fcr mehr Balance, Energie und Lebensqualit\u00e4t. <\/p>\n\n\n\n<p><strong>Starte jetzt deine Reise zu einem ges\u00fcnderen Ich!<\/strong><\/p>\n\n\n\n<p><\/p>\n","protected":false},"excerpt":{"rendered":"<p>Hier stehst du im Mittelpunkt \u2013 deine W\u00fcnsche, Ziele und dein ganz pers\u00f6nlicher Weg! Diabetes ist individuell, und genau deshalb brauchst du eine ma\u00dfgeschneiderte Beratung. Gemeinsam entwickeln wir ein Konzept, &#8230;<\/p>\n","protected":false},"author":1,"featured_media":0,"parent":0,"menu_order":0,"comment_status":"closed","ping_status":"closed","template":"template-fullwidth.php","meta":{"footnotes":""},"class_list":["post-1500","page","type-page","status-publish","hentry"],"yoast_head":"<!-- This site is optimized with the Yoast SEO plugin v26.9 - https:\/\/yoast.com\/product\/yoast-seo-wordpress\/ -->\n<title>Individuelles Coaching f\u00fcr Diabetes, Fitness &amp; Ern\u00e4hrung - Nana Novosad - Fit mit Diabetes<\/title>\n<meta name=\"description\" content=\"Diabetes, Diabetes Type1, Diabetes Typ 2, Fitness, Diabetes unn Fitness, Fitnesscoach, Ern\u00e4hrungsberatung, Sport, gemeinsam stark, Bluzucker, Insulin, Ern\u00e4hrung, Diabetes Management, Insulinsensitvit\u00e4t\" \/>\n<meta name=\"robots\" content=\"index, follow, max-snippet:-1, max-image-preview:large, max-video-preview:-1\" \/>\n<link rel=\"canonical\" href=\"https:\/\/nana-novosad.de\/?page_id=1500\" \/>\n<meta property=\"og:locale\" content=\"de_DE\" \/>\n<meta property=\"og:type\" content=\"article\" \/>\n<meta property=\"og:title\" content=\"Individuelles Coaching f\u00fcr Diabetes, Fitness &amp; Ern\u00e4hrung - Nana Novosad - Fit mit Diabetes\" \/>\n<meta property=\"og:description\" content=\"Diabetes, Diabetes Type1, Diabetes Typ 2, Fitness, Diabetes unn Fitness, Fitnesscoach, Ern\u00e4hrungsberatung, Sport, gemeinsam stark, Bluzucker, Insulin, Ern\u00e4hrung, Diabetes Management, Insulinsensitvit\u00e4t\" \/>\n<meta property=\"og:url\" content=\"https:\/\/nana-novosad.de\/?page_id=1500\" \/>\n<meta property=\"og:site_name\" content=\"Nana Novosad - Fit mit Diabetes\" \/>\n<meta property=\"article:modified_time\" content=\"2025-03-01T14:33:18+00:00\" \/>\n<meta name=\"twitter:card\" content=\"summary_large_image\" \/>\n<meta name=\"twitter:label1\" content=\"Gesch\u00e4tzte Lesezeit\" \/>\n\t<meta name=\"twitter:data1\" content=\"1\u00a0Minute\" \/>\n<script type=\"application\/ld+json\" class=\"yoast-schema-graph\">{\"@context\":\"https:\/\/schema.org\",\"@graph\":[{\"@type\":\"WebPage\",\"@id\":\"https:\/\/nana-novosad.de\/?page_id=1500\",\"url\":\"https:\/\/nana-novosad.de\/?page_id=1500\",\"name\":\"Individuelles Coaching f\u00fcr Diabetes, Fitness &amp; Ern\u00e4hrung - Nana Novosad - Fit mit Diabetes\",\"isPartOf\":{\"@id\":\"https:\/\/nana-novosad.de\/#website\"},\"datePublished\":\"2024-11-22T12:26:10+00:00\",\"dateModified\":\"2025-03-01T14:33:18+00:00\",\"description\":\"Diabetes, Diabetes Type1, Diabetes Typ 2, Fitness, Diabetes unn Fitness, Fitnesscoach, Ern\u00e4hrungsberatung, Sport, gemeinsam stark, Bluzucker, Insulin, Ern\u00e4hrung, Diabetes Management, Insulinsensitvit\u00e4t\",\"breadcrumb\":{\"@id\":\"https:\/\/nana-novosad.de\/?page_id=1500#breadcrumb\"},\"inLanguage\":\"de\",\"potentialAction\":[{\"@type\":\"ReadAction\",\"target\":[\"https:\/\/nana-novosad.de\/?page_id=1500\"]}]},{\"@type\":\"BreadcrumbList\",\"@id\":\"https:\/\/nana-novosad.de\/?page_id=1500#breadcrumb\",\"itemListElement\":[{\"@type\":\"ListItem\",\"position\":1,\"name\":\"Startseite\",\"item\":\"https:\/\/nana-novosad.de\/\"},{\"@type\":\"ListItem\",\"position\":2,\"name\":\"Individuelles Coaching f\u00fcr Diabetes, Fitness &amp; Ern\u00e4hrung\"}]},{\"@type\":\"WebSite\",\"@id\":\"https:\/\/nana-novosad.de\/#website\",\"url\":\"https:\/\/nana-novosad.de\/\",\"name\":\"Nana Novosad - Fit mit Diabetes\",\"description\":\"Individuelles Online-Coaching f\u00fcr Fitness, Ern\u00e4hrung &amp; Diabetes-Management\",\"potentialAction\":[{\"@type\":\"SearchAction\",\"target\":{\"@type\":\"EntryPoint\",\"urlTemplate\":\"https:\/\/nana-novosad.de\/?s={search_term_string}\"},\"query-input\":{\"@type\":\"PropertyValueSpecification\",\"valueRequired\":true,\"valueName\":\"search_term_string\"}}],\"inLanguage\":\"de\"}]}<\/script>\n<!-- \/ Yoast SEO plugin. -->","yoast_head_json":{"title":"Individuelles Coaching f\u00fcr Diabetes, Fitness &amp; Ern\u00e4hrung - Nana Novosad - Fit mit Diabetes","description":"Diabetes, Diabetes Type1, Diabetes Typ 2, Fitness, Diabetes unn Fitness, Fitnesscoach, Ern\u00e4hrungsberatung, Sport, gemeinsam stark, Bluzucker, Insulin, Ern\u00e4hrung, Diabetes Management, Insulinsensitvit\u00e4t","robots":{"index":"index","follow":"follow","max-snippet":"max-snippet:-1","max-image-preview":"max-image-preview:large","max-video-preview":"max-video-preview:-1"},"canonical":"https:\/\/nana-novosad.de\/?page_id=1500","og_locale":"de_DE","og_type":"article","og_title":"Individuelles Coaching f\u00fcr Diabetes, Fitness &amp; Ern\u00e4hrung - Nana Novosad - Fit mit Diabetes","og_description":"Diabetes, Diabetes Type1, Diabetes Typ 2, Fitness, Diabetes unn Fitness, Fitnesscoach, Ern\u00e4hrungsberatung, Sport, gemeinsam stark, Bluzucker, Insulin, Ern\u00e4hrung, Diabetes Management, Insulinsensitvit\u00e4t","og_url":"https:\/\/nana-novosad.de\/?page_id=1500","og_site_name":"Nana Novosad - Fit mit Diabetes","article_modified_time":"2025-03-01T14:33:18+00:00","twitter_card":"summary_large_image","twitter_misc":{"Gesch\u00e4tzte Lesezeit":"1\u00a0Minute"},"schema":{"@context":"https:\/\/schema.org","@graph":[{"@type":"WebPage","@id":"https:\/\/nana-novosad.de\/?page_id=1500","url":"https:\/\/nana-novosad.de\/?page_id=1500","name":"Individuelles Coaching f\u00fcr Diabetes, Fitness &amp; Ern\u00e4hrung - Nana Novosad - Fit mit Diabetes","isPartOf":{"@id":"https:\/\/nana-novosad.de\/#website"},"datePublished":"2024-11-22T12:26:10+00:00","dateModified":"2025-03-01T14:33:18+00:00","description":"Diabetes, Diabetes Type1, Diabetes Typ 2, Fitness, Diabetes unn Fitness, Fitnesscoach, Ern\u00e4hrungsberatung, Sport, gemeinsam stark, Bluzucker, Insulin, Ern\u00e4hrung, Diabetes Management, Insulinsensitvit\u00e4t","breadcrumb":{"@id":"https:\/\/nana-novosad.de\/?page_id=1500#breadcrumb"},"inLanguage":"de","potentialAction":[{"@type":"ReadAction","target":["https:\/\/nana-novosad.de\/?page_id=1500"]}]},{"@type":"BreadcrumbList","@id":"https:\/\/nana-novosad.de\/?page_id=1500#breadcrumb","itemListElement":[{"@type":"ListItem","position":1,"name":"Startseite","item":"https:\/\/nana-novosad.de\/"},{"@type":"ListItem","position":2,"name":"Individuelles Coaching f\u00fcr Diabetes, Fitness &amp; Ern\u00e4hrung"}]},{"@type":"WebSite","@id":"https:\/\/nana-novosad.de\/#website","url":"https:\/\/nana-novosad.de\/","name":"Nana Novosad - Fit mit Diabetes","description":"Individuelles Online-Coaching f\u00fcr Fitness, Ern\u00e4hrung &amp; Diabetes-Management","potentialAction":[{"@type":"SearchAction","target":{"@type":"EntryPoint","urlTemplate":"https:\/\/nana-novosad.de\/?s={search_term_string}"},"query-input":{"@type":"PropertyValueSpecification","valueRequired":true,"valueName":"search_term_string"}}],"inLanguage":"de"}]}},"_links":{"self":[{"href":"https:\/\/nana-novosad.de\/index.php?rest_route=\/wp\/v2\/pages\/1500","targetHints":{"allow":["GET"]}}],"collection":[{"href":"https:\/\/nana-novosad.de\/index.php?rest_route=\/wp\/v2\/pages"}],"about":[{"href":"https:\/\/nana-novosad.de\/index.php?rest_route=\/wp\/v2\/types\/page"}],"author":[{"embeddable":true,"href":"https:\/\/nana-novosad.de\/index.php?rest_route=\/wp\/v2\/users\/1"}],"replies":[{"embeddable":true,"href":"https:\/\/nana-novosad.de\/index.php?rest_route=%2Fwp%2Fv2%2Fcomments&post=1500"}],"version-history":[{"count":7,"href":"https:\/\/nana-novosad.de\/index.php?rest_route=\/wp\/v2\/pages\/1500\/revisions"}],"predecessor-version":[{"id":1650,"href":"https:\/\/nana-novosad.de\/index.php?rest_route=\/wp\/v2\/pages\/1500\/revisions\/1650"}],"wp:attachment":[{"href":"https:\/\/nana-novosad.de\/index.php?rest_route=%2Fwp%2Fv2%2Fmedia&parent=1500"}],"curies":[{"name":"wp","href":"https:\/\/api.w.org\/{rel}","templated":true}]}}